{"id":730,"date":"2016-10-16T18:54:03","date_gmt":"2016-10-16T18:54:03","guid":{"rendered":"http:\/\/www.cristocuentacontigo.com\/web\/?page_id=730"},"modified":"2016-10-31T17:15:38","modified_gmt":"2016-10-31T17:15:38","slug":"conozcanos","status":"publish","type":"page","link":"https:\/\/www.cristocuentacontigo.com\/web\/conozcanos\/","title":{"rendered":"Con\u00f3zcanos"},"content":{"rendered":"<p><img loading=\"lazy\" decoding=\"async\" class=\" wp-image-884 aligncenter\" src=\"http:\/\/www.cristocuentacontigo.com\/web\/wp-content\/uploads\/2010\/09\/pastores-jose-y-alba.jpg\" alt=\"pastores-jose-y-alba\" width=\"291\" height=\"291\" srcset=\"https:\/\/www.cristocuentacontigo.com\/web\/wp-content\/uploads\/2010\/09\/pastores-jose-y-alba.jpg 360w, https:\/\/www.cristocuentacontigo.com\/web\/wp-content\/uploads\/2010\/09\/pastores-jose-y-alba-150x150.jpg 150w, https:\/\/www.cristocuentacontigo.com\/web\/wp-content\/uploads\/2010\/09\/pastores-jose-y-alba-300x300.jpg 300w, https:\/\/www.cristocuentacontigo.com\/web\/wp-content\/uploads\/2010\/09\/pastores-jose-y-alba-140x140.jpg 140w, https:\/\/www.cristocuentacontigo.com\/web\/wp-content\/uploads\/2010\/09\/pastores-jose-y-alba-74x74.jpg 74w, https:\/\/www.cristocuentacontigo.com\/web\/wp-content\/uploads\/2010\/09\/pastores-jose-y-alba-184x184.jpg 184w\" sizes=\"auto, (max-width: 291px) 100vw, 291px\" \/><\/p>\n<p>En el verano 2000, Dios puso en mi coraz\u00f3n, <strong>\u201cClama a mi, tu Dios, porque cortos son los d\u00edas\u201d<\/strong>. Desde entonces he llevado una campa\u00f1a de oraci\u00f3n todos los mi\u00e9rcoles. De esta manera cumplo con G\u00e1latas 6:2 <strong>\u201cSobrellevad los unos las cargas de los otros, y cumplid as\u00ed la ley de Cristo\u201d<\/strong>.<\/p>\n<p>Dios estuvo habl\u00e1ndome por largo tiempo acerca de comenzar el ministerio Cristo Cuenta Contigo. As\u00ed como en 1 Samuel 3:2-10, yo no entend\u00eda que Dios me estaba llamando. Una vez que entend\u00ed, comenc\u00e9 a enviar cassettes con un mensaje de la Palabra de Dios. Diferentes Hnos. me daban nombres y direcciones y yo me encargaba de hacerles llegar la Palabra de Dios. Al momento tengo una lista de m\u00e1s de 120 personas que reciben mensajes grabados de la Palabra de Dios. Luego supe de las necesidades en Per\u00fa.<\/p>\n<p>Seg\u00fan entran donativos de ropas y zapatos, los enviamos por correo a nuestros Hnos. en Per\u00fa. Tambi\u00e9n le doy gracias a Dios por unirme a una mujer, ayuda id\u00f3nea, la Hna. Alba Vel\u00e1squez, la cual amo y tengo una linda familia en el Se\u00f1or compuesta por 5 hijos, entre ellos 4 adolescentes y una menor.<\/p>\n<p>Le doy gracias a Dios de la manera que me ha bendecido, pues juntos hemos trabajado unidos y hemos alcanzado almas para Cristo en clamor.<\/p>\n","protected":false},"excerpt":{"rendered":"<p>En el verano 2000, Dios puso en mi coraz\u00f3n, \u201cClama a mi, tu Dios, porque cortos son los d\u00edas\u201d. Desde entonces he llevado una campa\u00f1a de oraci\u00f3n todos los mi\u00e9rcoles. De esta manera cumplo con G\u00e1latas 6:2 \u201cSobrellevad los unos las cargas de los otros, y cumplid as\u00ed la ley de Cristo\u201d. Dios estuvo habl\u00e1ndome [&hellip;]<\/p>\n","protected":false},"author":1,"featured_media":0,"parent":0,"menu_order":0,"comment_status":"closed","ping_status":"closed","template":"","meta":{"footnotes":""},"class_list":["post-730","page","type-page","status-publish","hentry"],"_links":{"self":[{"href":"https:\/\/www.cristocuentacontigo.com\/web\/wp-json\/wp\/v2\/pages\/730","targetHints":{"allow":["GET"]}}],"collection":[{"href":"https:\/\/www.cristocuentacontigo.com\/web\/wp-json\/wp\/v2\/pages"}],"about":[{"href":"https:\/\/www.cristocuentacontigo.com\/web\/wp-json\/wp\/v2\/types\/page"}],"author":[{"embeddable":true,"href":"https:\/\/www.cristocuentacontigo.com\/web\/wp-json\/wp\/v2\/users\/1"}],"replies":[{"embeddable":true,"href":"https:\/\/www.cristocuentacontigo.com\/web\/wp-json\/wp\/v2\/comments?post=730"}],"version-history":[{"count":6,"href":"https:\/\/www.cristocuentacontigo.com\/web\/wp-json\/wp\/v2\/pages\/730\/revisions"}],"predecessor-version":[{"id":1138,"href":"https:\/\/www.cristocuentacontigo.com\/web\/wp-json\/wp\/v2\/pages\/730\/revisions\/1138"}],"wp:attachment":[{"href":"https:\/\/www.cristocuentacontigo.com\/web\/wp-json\/wp\/v2\/media?parent=730"}],"curies":[{"name":"wp","href":"https:\/\/api.w.org\/{rel}","templated":true}]}}